{"id":8424,"date":"2025-12-01T10:56:09","date_gmt":"2025-12-01T09:56:09","guid":{"rendered":"https:\/\/thbender.com\/?page_id=8424"},"modified":"2026-03-18T22:24:51","modified_gmt":"2026-03-18T21:24:51","slug":"bettina-bolla","status":"publish","type":"page","link":"https:\/\/thbender.com\/en\/team\/bettina-bolla\/","title":{"rendered":"Bettina Bolla"},"content":{"rendered":"<div data-elementor-type=\"wp-page\" data-elementor-id=\"8424\" class=\"elementor elementor-8424\" data-elementor-post-type=\"page\">\n\t\t\t\t<div class=\"elementor-element elementor-element-e25e8ff hero2026 e-flex e-con-boxed e-con e-parent\" data-id=\"e25e8ff\" data-element_type=\"container\" data-settings=\"{&quot;background_background&quot;:&quot;classic&quot;}\">\n\t\t\t\t\t<div class=\"e-con-inner\">\n\t\t<div class=\"elementor-element elementor-element-447d5e3 e-grid e-con-full e-con e-child\" data-id=\"447d5e3\" data-element_type=\"container\">\n\t\t<div class=\"elementor-element elementor-element-023339b e-con-full e-flex e-con e-child\" data-id=\"023339b\" data-element_type=\"container\">\n\t\t\t\t<div class=\"elementor-element elementor-element-59ab7cc elementor-widget elementor-widget-heading\" data-id=\"59ab7cc\" data-element_type=\"widget\" data-widget_type=\"heading.default\">\n\t\t\t\t<div class=\"elementor-widget-container\">\n\t\t\t\t\t<h1 class=\"elementor-heading-title elementor-size-default\">Bettina Bolla<\/h1>\t\t\t\t<\/div>\n\t\t\t\t<\/div>\n\t\t\t\t<div class=\"elementor-element elementor-element-a4af6d8 elementor-widget__width-initial elementor-widget elementor-widget-text-editor\" data-id=\"a4af6d8\" data-element_type=\"widget\" data-widget_type=\"text-editor.default\">\n\t\t\t\t<div class=\"elementor-widget-container\">\n\t\t\t\t\t\t\t\t\t<p>Management Consultant<br \/>Charlotte, NC<\/p>\t\t\t\t\t\t\t\t<\/div>\n\t\t\t\t<\/div>\n\t\t\t\t<\/div>\n\t\t\t\t<\/div>\n\t\t\t\t\t<\/div>\n\t\t\t\t<\/div>\n\t\t<div class=\"elementor-element elementor-element-6fb60c7 e-grid e-con-boxed e-con e-parent\" data-id=\"6fb60c7\" data-element_type=\"container\">\n\t\t\t\t\t<div class=\"e-con-inner\">\n\t\t\t\t<div class=\"elementor-element elementor-element-e096045 elementor-widget elementor-widget-image\" data-id=\"e096045\" data-element_type=\"widget\" data-widget_type=\"image.default\">\n\t\t\t\t<div class=\"elementor-widget-container\">\n\t\t\t\t\t\t\t\t\t\t\t\t\t\t\t<img fetchpriority=\"high\" decoding=\"async\" width=\"800\" height=\"800\" src=\"https:\/\/thbender.com\/wp-content\/uploads\/thbender-team-bettina-bolla.jpeg\" class=\"attachment-large size-large wp-image-8391\" alt=\"\" srcset=\"https:\/\/thbender.com\/wp-content\/uploads\/thbender-team-bettina-bolla.jpeg 1024w, https:\/\/thbender.com\/wp-content\/uploads\/thbender-team-bettina-bolla-300x300.jpeg 300w, https:\/\/thbender.com\/wp-content\/uploads\/thbender-team-bettina-bolla-150x150.jpeg 150w, https:\/\/thbender.com\/wp-content\/uploads\/thbender-team-bettina-bolla-768x768.jpeg 768w, https:\/\/thbender.com\/wp-content\/uploads\/thbender-team-bettina-bolla-12x12.jpeg 12w\" sizes=\"(max-width: 800px) 100vw, 800px\" \/>\t\t\t\t\t\t\t\t\t\t\t\t\t\t\t<\/div>\n\t\t\t\t<\/div>\n\t\t\t\t<div class=\"elementor-element elementor-element-f9959ce elementor-widget elementor-widget-text-editor\" data-id=\"f9959ce\" data-element_type=\"widget\" data-widget_type=\"text-editor.default\">\n\t\t\t\t<div class=\"elementor-widget-container\">\n\t\t\t\t\t\t\t\t\t<h2>About Bettina Bolla<\/h2><ul><li>15 years of experience in executive search with a focus on life sciences, tech, and global assignments.<\/li><li>Seven years of experience in artificial intelligence and search technology.<\/li><li>Originally from the Rhineland, worked in Silicon Valley for over 20 years.<\/li><\/ul>\t\t\t\t\t\t\t\t<\/div>\n\t\t\t\t<\/div>\n\t\t\t\t\t<\/div>\n\t\t\t\t<\/div>\n\t\t<div class=\"elementor-element elementor-element-ec325f5 e-flex e-con-boxed e-con e-parent\" data-id=\"ec325f5\" data-element_type=\"container\" data-settings=\"{&quot;background_background&quot;:&quot;classic&quot;}\">\n\t\t\t\t\t<div class=\"e-con-inner\">\n\t\t<div class=\"elementor-element elementor-element-fa1cfaf e-con-full e-flex e-con e-child\" data-id=\"fa1cfaf\" data-element_type=\"container\" data-settings=\"{&quot;background_background&quot;:&quot;classic&quot;}\">\n\t\t\t\t<div class=\"elementor-element elementor-element-2d1b0e7 elementor-widget__width-auto elementor-absolute elementor-widget elementor-widget-text-editor\" data-id=\"2d1b0e7\" data-element_type=\"widget\" data-settings=\"{&quot;_position&quot;:&quot;absolute&quot;}\" data-widget_type=\"text-editor.default\">\n\t\t\t\t<div class=\"elementor-widget-container\">\n\t\t\t\t\t\t\t\t\t<p>\u201c<\/p>\t\t\t\t\t\t\t\t<\/div>\n\t\t\t\t<\/div>\n\t\t\t\t<div class=\"elementor-element elementor-element-6a90097 elementor-widget elementor-widget-text-editor\" data-id=\"6a90097\" data-element_type=\"widget\" data-widget_type=\"text-editor.default\">\n\t\t\t\t<div class=\"elementor-widget-container\">\n\t\t\t\t\t\t\t\t\t<p>\u201eAs a recruiter, I am driven by my deep interest in people and what motivates them. Every candidate is unique and exciting!\u201c<\/p>\t\t\t\t\t\t\t\t<\/div>\n\t\t\t\t<\/div>\n\t\t\t\t<\/div>\n\t\t\t\t<div class=\"elementor-element elementor-element-b72aa7e elementor-widget elementor-widget-text-editor\" data-id=\"b72aa7e\" data-element_type=\"widget\" data-widget_type=\"text-editor.default\">\n\t\t\t\t<div class=\"elementor-widget-container\">\n\t\t\t\t\t\t\t\t\t<p>A Californian by choice with roots in Frankfurt, now living in Charlotte, North Carolina, Bettina has over 18 years of international experience in executive search, specializing in life sciences, technology, and consumer goods. Her additional expertise in digital media &amp; web content, conversational AI, and robotics at renowned Silicon Valley companies enhances her ability to identify future-oriented leaders for innovation-driven organizations.<\/p>\t\t\t\t\t\t\t\t<\/div>\n\t\t\t\t<\/div>\n\t\t\t\t\t<\/div>\n\t\t\t\t<\/div>\n\t\t\t\t<\/div>","protected":false},"excerpt":{"rendered":"<p>Bettina Bolla Management ConsultantCharlotte, NC \u00dcber Bettina Bolla 15 Jahre Erfahrung im Bereich Executive Search mit Fokus auf Life Sciences, Tech und Global Assignments. Sieben Jahre Erfahrung in Artificial Intelligence and Search Technology. Urspr\u00fcnglich aus dem Rheinland stammend, \u00fcber 20 Jahre im Silicon Valley t\u00e4tig. \u201c \u201eAls Recruiterin treibt mich mein tiefes Interesse an Menschen [&hellip;]<\/p>","protected":false},"author":7,"featured_media":0,"parent":8354,"menu_order":0,"comment_status":"closed","ping_status":"closed","template":"","meta":{"footnotes":""},"class_list":["post-8424","page","type-page","status-publish","hentry"],"yoast_head":"<!-- This site is optimized with the Yoast SEO plugin v26.5 - https:\/\/yoast.com\/wordpress\/plugins\/seo\/ -->\n<title>Bettina Bolla - TH Bender Executive Search | Deutschsprachige Personalvermittlung in den USA<\/title>\n<meta name=\"robots\" content=\"index, follow, max-snippet:-1, max-image-preview:large, max-video-preview:-1\" \/>\n<link rel=\"canonical\" href=\"https:\/\/thbender.com\/en\/team\/bettina-bolla\/\" \/>\n<meta property=\"og:locale\" content=\"en_US\" \/>\n<meta property=\"og:type\" content=\"article\" \/>\n<meta property=\"og:title\" content=\"Bettina Bolla - TH Bender Executive Search | Deutschsprachige Personalvermittlung in den USA\" \/>\n<meta property=\"og:description\" content=\"Bettina Bolla Management ConsultantCharlotte, NC \u00dcber Bettina Bolla 15 Jahre Erfahrung im Bereich Executive Search mit Fokus auf Life Sciences, Tech und Global Assignments. Sieben Jahre Erfahrung in Artificial Intelligence and Search Technology. Urspr\u00fcnglich aus dem Rheinland stammend, \u00fcber 20 Jahre im Silicon Valley t\u00e4tig. \u201c \u201eAls Recruiterin treibt mich mein tiefes Interesse an Menschen [&hellip;]\" \/>\n<meta property=\"og:url\" content=\"https:\/\/thbender.com\/en\/team\/bettina-bolla\/\" \/>\n<meta property=\"og:site_name\" content=\"TH Bender Executive Search | Deutschsprachige Personalvermittlung in den USA\" \/>\n<meta property=\"article:modified_time\" content=\"2026-03-18T21:24:51+00:00\" \/>\n<meta property=\"og:image\" content=\"https:\/\/thbender.com\/wp-content\/uploads\/thbender-team-bettina-bolla.jpeg\" \/>\n\t<meta property=\"og:image:width\" content=\"1024\" \/>\n\t<meta property=\"og:image:height\" content=\"1024\" \/>\n\t<meta property=\"og:image:type\" content=\"image\/jpeg\" \/>\n<meta name=\"twitter:card\" content=\"summary_large_image\" \/>\n<meta name=\"twitter:label1\" content=\"Est. reading time\" \/>\n\t<meta name=\"twitter:data1\" content=\"1 minute\" \/>\n<script type=\"application\/ld+json\" class=\"yoast-schema-graph\">{\"@context\":\"https:\/\/schema.org\",\"@graph\":[{\"@type\":\"WebPage\",\"@id\":\"https:\/\/thbender.com\/team\/bettina-bolla\/\",\"url\":\"https:\/\/thbender.com\/team\/bettina-bolla\/\",\"name\":\"Bettina Bolla - TH Bender Executive Search | Deutschsprachige Personalvermittlung in den USA\",\"isPartOf\":{\"@id\":\"https:\/\/thbender.com\/#website\"},\"primaryImageOfPage\":{\"@id\":\"https:\/\/thbender.com\/team\/bettina-bolla\/#primaryimage\"},\"image\":{\"@id\":\"https:\/\/thbender.com\/team\/bettina-bolla\/#primaryimage\"},\"thumbnailUrl\":\"https:\/\/thbender.com\/wp-content\/uploads\/thbender-team-bettina-bolla.jpeg\",\"datePublished\":\"2025-12-01T09:56:09+00:00\",\"dateModified\":\"2026-03-18T21:24:51+00:00\",\"breadcrumb\":{\"@id\":\"https:\/\/thbender.com\/team\/bettina-bolla\/#breadcrumb\"},\"inLanguage\":\"en-US\",\"potentialAction\":[{\"@type\":\"ReadAction\",\"target\":[\"https:\/\/thbender.com\/team\/bettina-bolla\/\"]}]},{\"@type\":\"ImageObject\",\"inLanguage\":\"en-US\",\"@id\":\"https:\/\/thbender.com\/team\/bettina-bolla\/#primaryimage\",\"url\":\"https:\/\/thbender.com\/wp-content\/uploads\/thbender-team-bettina-bolla.jpeg\",\"contentUrl\":\"https:\/\/thbender.com\/wp-content\/uploads\/thbender-team-bettina-bolla.jpeg\"},{\"@type\":\"BreadcrumbList\",\"@id\":\"https:\/\/thbender.com\/team\/bettina-bolla\/#breadcrumb\",\"itemListElement\":[{\"@type\":\"ListItem\",\"position\":1,\"name\":\"Startseite\",\"item\":\"https:\/\/thbender.com\/\"},{\"@type\":\"ListItem\",\"position\":2,\"name\":\"Team\",\"item\":\"https:\/\/thbender.com\/team\/\"},{\"@type\":\"ListItem\",\"position\":3,\"name\":\"Bettina Bolla\"}]},{\"@type\":\"WebSite\",\"@id\":\"https:\/\/thbender.com\/#website\",\"url\":\"https:\/\/thbender.com\/\",\"name\":\"TH Bender Executive Search | Deutschsprachige Personalvermittlung in den USA\",\"description\":\"Die f\u00fchrende deutsch-amerikanische  Personalberatung f\u00fcr die Vermittlung von Top- F\u00fchrungskr\u00e4ften f\u00fcr US-Niederlassungen deutschsprachiger Unternehmen.\",\"publisher\":{\"@id\":\"https:\/\/thbender.com\/#organization\"},\"potentialAction\":[{\"@type\":\"SearchAction\",\"target\":{\"@type\":\"EntryPoint\",\"urlTemplate\":\"https:\/\/thbender.com\/?s={search_term_string}\"},\"query-input\":{\"@type\":\"PropertyValueSpecification\",\"valueRequired\":true,\"valueName\":\"search_term_string\"}}],\"inLanguage\":\"en-US\"},{\"@type\":\"Organization\",\"@id\":\"https:\/\/thbender.com\/#organization\",\"name\":\"TH Bender Executive Search\",\"url\":\"https:\/\/thbender.com\/\",\"logo\":{\"@type\":\"ImageObject\",\"inLanguage\":\"en-US\",\"@id\":\"https:\/\/thbender.com\/#\/schema\/logo\/image\/\",\"url\":\"https:\/\/thbender.com\/wp-content\/uploads\/bender-logo.png\",\"contentUrl\":\"https:\/\/thbender.com\/wp-content\/uploads\/bender-logo.png\",\"width\":512,\"height\":512,\"caption\":\"TH Bender Executive Search\"},\"image\":{\"@id\":\"https:\/\/thbender.com\/#\/schema\/logo\/image\/\"},\"sameAs\":[\"https:\/\/www.xing.com\/pages\/thbenderandpartnersinc\",\"https:\/\/www.linkedin.com\/company\/t-h-bender-and-partners-inc-\"]}]}<\/script>\n<!-- \/ Yoast SEO plugin. -->","yoast_head_json":{"title":"Bettina Bolla - TH Bender Executive Search | German-speaking recruitment agency in the USA","robots":{"index":"index","follow":"follow","max-snippet":"max-snippet:-1","max-image-preview":"max-image-preview:large","max-video-preview":"max-video-preview:-1"},"canonical":"https:\/\/thbender.com\/en\/team\/bettina-bolla\/","og_locale":"en_US","og_type":"article","og_title":"Bettina Bolla - TH Bender Executive Search | Deutschsprachige Personalvermittlung in den USA","og_description":"Bettina Bolla Management ConsultantCharlotte, NC \u00dcber Bettina Bolla 15 Jahre Erfahrung im Bereich Executive Search mit Fokus auf Life Sciences, Tech und Global Assignments. Sieben Jahre Erfahrung in Artificial Intelligence and Search Technology. Urspr\u00fcnglich aus dem Rheinland stammend, \u00fcber 20 Jahre im Silicon Valley t\u00e4tig. \u201c \u201eAls Recruiterin treibt mich mein tiefes Interesse an Menschen [&hellip;]","og_url":"https:\/\/thbender.com\/en\/team\/bettina-bolla\/","og_site_name":"TH Bender Executive Search | Deutschsprachige Personalvermittlung in den USA","article_modified_time":"2026-03-18T21:24:51+00:00","og_image":[{"width":1024,"height":1024,"url":"https:\/\/thbender.com\/wp-content\/uploads\/thbender-team-bettina-bolla.jpeg","type":"image\/jpeg"}],"twitter_card":"summary_large_image","twitter_misc":{"Est. reading time":"1 minute"},"schema":{"@context":"https:\/\/schema.org","@graph":[{"@type":"WebPage","@id":"https:\/\/thbender.com\/team\/bettina-bolla\/","url":"https:\/\/thbender.com\/team\/bettina-bolla\/","name":"Bettina Bolla - TH Bender Executive Search | German-speaking recruitment agency in the USA","isPartOf":{"@id":"https:\/\/thbender.com\/#website"},"primaryImageOfPage":{"@id":"https:\/\/thbender.com\/team\/bettina-bolla\/#primaryimage"},"image":{"@id":"https:\/\/thbender.com\/team\/bettina-bolla\/#primaryimage"},"thumbnailUrl":"https:\/\/thbender.com\/wp-content\/uploads\/thbender-team-bettina-bolla.jpeg","datePublished":"2025-12-01T09:56:09+00:00","dateModified":"2026-03-18T21:24:51+00:00","breadcrumb":{"@id":"https:\/\/thbender.com\/team\/bettina-bolla\/#breadcrumb"},"inLanguage":"en-US","potentialAction":[{"@type":"ReadAction","target":["https:\/\/thbender.com\/team\/bettina-bolla\/"]}]},{"@type":"ImageObject","inLanguage":"en-US","@id":"https:\/\/thbender.com\/team\/bettina-bolla\/#primaryimage","url":"https:\/\/thbender.com\/wp-content\/uploads\/thbender-team-bettina-bolla.jpeg","contentUrl":"https:\/\/thbender.com\/wp-content\/uploads\/thbender-team-bettina-bolla.jpeg"},{"@type":"BreadcrumbList","@id":"https:\/\/thbender.com\/team\/bettina-bolla\/#breadcrumb","itemListElement":[{"@type":"ListItem","position":1,"name":"Startseite","item":"https:\/\/thbender.com\/"},{"@type":"ListItem","position":2,"name":"Team","item":"https:\/\/thbender.com\/team\/"},{"@type":"ListItem","position":3,"name":"Bettina Bolla"}]},{"@type":"WebSite","@id":"https:\/\/thbender.com\/#website","url":"https:\/\/thbender.com\/","name":"TH Bender Executive Search | German-speaking recruitment agency in the USA","description":"The leading German-American executive search firm for the placement of top executives for U.S. subsidiaries of German-speaking companies.","publisher":{"@id":"https:\/\/thbender.com\/#organization"},"potentialAction":[{"@type":"SearchAction","target":{"@type":"EntryPoint","urlTemplate":"https:\/\/thbender.com\/?s={search_term_string}"},"query-input":{"@type":"PropertyValueSpecification","valueRequired":true,"valueName":"search_term_string"}}],"inLanguage":"en-US"},{"@type":"Organization","@id":"https:\/\/thbender.com\/#organization","name":"TH Bender Executive Search","url":"https:\/\/thbender.com\/","logo":{"@type":"ImageObject","inLanguage":"en-US","@id":"https:\/\/thbender.com\/#\/schema\/logo\/image\/","url":"https:\/\/thbender.com\/wp-content\/uploads\/bender-logo.png","contentUrl":"https:\/\/thbender.com\/wp-content\/uploads\/bender-logo.png","width":512,"height":512,"caption":"TH Bender Executive Search"},"image":{"@id":"https:\/\/thbender.com\/#\/schema\/logo\/image\/"},"sameAs":["https:\/\/www.xing.com\/pages\/thbenderandpartnersinc","https:\/\/www.linkedin.com\/company\/t-h-bender-and-partners-inc-"]}]}},"_links":{"self":[{"href":"https:\/\/thbender.com\/en\/wp-json\/wp\/v2\/pages\/8424","targetHints":{"allow":["GET"]}}],"collection":[{"href":"https:\/\/thbender.com\/en\/wp-json\/wp\/v2\/pages"}],"about":[{"href":"https:\/\/thbender.com\/en\/wp-json\/wp\/v2\/types\/page"}],"author":[{"embeddable":true,"href":"https:\/\/thbender.com\/en\/wp-json\/wp\/v2\/users\/7"}],"replies":[{"embeddable":true,"href":"https:\/\/thbender.com\/en\/wp-json\/wp\/v2\/comments?post=8424"}],"version-history":[{"count":13,"href":"https:\/\/thbender.com\/en\/wp-json\/wp\/v2\/pages\/8424\/revisions"}],"predecessor-version":[{"id":11559,"href":"https:\/\/thbender.com\/en\/wp-json\/wp\/v2\/pages\/8424\/revisions\/11559"}],"up":[{"embeddable":true,"href":"https:\/\/thbender.com\/en\/wp-json\/wp\/v2\/pages\/8354"}],"wp:attachment":[{"href":"https:\/\/thbender.com\/en\/wp-json\/wp\/v2\/media?parent=8424"}],"curies":[{"name":"wp","href":"https:\/\/api.w.org\/{rel}","templated":true}]}}